{"id":2561,"date":"2024-11-26T16:21:23","date_gmt":"2024-11-26T16:21:23","guid":{"rendered":"https:\/\/classic-barweiler.neue360.de\/?page_id=2561"},"modified":"2024-12-03T13:13:24","modified_gmt":"2024-12-03T13:13:24","slug":"impressum","status":"publish","type":"page","link":"https:\/\/classic-barweiler.de\/en\/impressum\/","title":{"rendered":"Imprint"},"content":{"rendered":"<div data-elementor-type=\"wp-page\" data-elementor-id=\"2561\" class=\"elementor elementor-2561\">\n\t\t\t\t\t\t<section class=\"elementor-section elementor-top-section elementor-element elementor-element-b4209f1 elementor-section-boxed elementor-section-height-default elementor-section-height-default\" data-id=\"b4209f1\" data-element_type=\"section\">\n\t\t\t\t\t\t<div class=\"elementor-container elementor-column-gap-default\">\n\t\t\t\t\t<div class=\"elementor-column elementor-col-100 elementor-top-column elementor-element elementor-element-178142b\" data-id=\"178142b\" data-element_type=\"column\">\n\t\t\t<div class=\"elementor-widget-wrap elementor-element-populated\">\n\t\t\t\t\t\t<div class=\"elementor-element elementor-element-152ae63 elementor-widget elementor-widget-heading\" data-id=\"152ae63\" data-element_type=\"widget\" data-widget_type=\"heading.default\">\n\t\t\t\t<div class=\"elementor-widget-container\">\n\t\t\t<h2 class=\"elementor-heading-title elementor-size-default\">Imprint<\/h2>\t\t<\/div>\n\t\t\t\t<\/div>\n\t\t\t\t<div class=\"elementor-element elementor-element-07baeb3 elementor-widget elementor-widget-text-editor\" data-id=\"07baeb3\" data-element_type=\"widget\" data-widget_type=\"text-editor.default\">\n\t\t\t\t<div class=\"elementor-widget-container\">\n\t\t\t\t\t\t\t<div data-id=\"a6b88e7\" data-element_type=\"widget\" data-widget_type=\"heading.default\"><div><h2>Imprint<\/h2><\/div><\/div><div data-id=\"4d59f94\" data-element_type=\"widget\" data-widget_type=\"text-editor.default\"><div><p>Classic Tankstelle<br \/><a tabindex=\"0\" href=\"https:\/\/www.google.com\/maps\/place\/\/data=!4m2!3m1!1s0x47bfad5a4c64dabd:0xaec97c9bff55c886?sa=X&amp;ved=1t:8290&amp;ictx=111\" data-url=\"\/maps\/place\/\/data=!4m2!3m1!1s0x47bfad5a4c64dabd:0xaec97c9bff55c886?sa=X&amp;ved=2ahUKEwjJkab294CKAxVf1gIHHeH5FJYQ4kB6BAgKEAA\">An d. Bundesstra\u00dfe 258<\/a><\/p><p><a style=\"font-size: 16px;\" tabindex=\"0\" href=\"https:\/\/www.google.com\/maps\/place\/\/data=!4m2!3m1!1s0x47bfad5a4c64dabd:0xaec97c9bff55c886?sa=X&amp;ved=1t:8290&amp;ictx=111\" data-url=\"\/maps\/place\/\/data=!4m2!3m1!1s0x47bfad5a4c64dabd:0xaec97c9bff55c886?sa=X&amp;ved=2ahUKEwjJkab294CKAxVf1gIHHeH5FJYQ4kB6BAgKEAA\">53534 Barweiler<\/a><\/p><p><span style=\"font-style: inherit; font-weight: inherit; background-color: var( --e-global-color-22a90d0e ); color: var(--ast-global-color-5);\">Tel: 02691 \/ 2766<\/span><\/p><p>E-Mail: info@classic-barweiler.de<\/p><p>vertreten durch Thomas Rausch<\/p><p>USt-IdNr: DE184345456<\/p><p>Alternative Streitbeilegung: Die Europ\u00e4ische Kommission stellt eine Plattform f\u00fcr die au\u00dfergerichtliche Online-Streitbeilegung (OS-Plattform) bereit, aufrufbar unter https:\/\/ec.europa.eu\/odr.ss<\/p><\/div><\/div>\t\t\t\t\t\t<\/div>\n\t\t\t\t<\/div>\n\t\t\t\t\t<\/div>\n\t\t<\/div>\n\t\t\t\t\t<\/div>\n\t\t<\/section>\n\t\t\t\t<\/div>","protected":false},"excerpt":{"rendered":"<p>Impressum Impressum Classic TankstelleAn d. Bundesstra\u00dfe 258 53534 Barweiler Tel: 02691 \/ 2766 E-Mail: info@classic-barweiler.de vertreten durch Thomas Rausch USt-IdNr: DE184345456 Alternative Streitbeilegung: Die Europ\u00e4ische Kommission stellt eine Plattform f\u00fcr die au\u00dfergerichtliche Online-Streitbeilegung (OS-Plattform) bereit, aufrufbar unter https:\/\/ec.europa.eu\/odr.ss<\/p>","protected":false},"author":1,"featured_media":0,"parent":0,"menu_order":0,"comment_status":"closed","ping_status":"closed","template":"elementor_header_footer","meta":{"_uag_custom_page_level_css":"","site-sidebar-layout":"no-sidebar","site-content-layout":"page-builder","ast-site-content-layout":"full-width-container","site-content-style":"unboxed","site-sidebar-style":"unboxed","ast-global-header-display":"","ast-banner-title-visibility":"","ast-main-header-display":"","ast-hfb-above-header-display":"","ast-hfb-below-header-display":"","ast-hfb-mobile-header-display":"","site-post-title":"","ast-breadcrumbs-content":"","ast-featured-img":"disabled","footer-sml-layout":"","theme-transparent-header-meta":"default","adv-header-id-meta":"","stick-header-meta":"","header-above-stick-meta":"","header-main-stick-meta":"","header-below-stick-meta":"","astra-migrate-meta-layouts":"set","ast-page-background-enabled":"default","ast-page-background-meta":{"desktop":{"background-color":"","background-image":"","background-repeat":"repeat","background-position":"center center","background-size":"auto","background-attachment":"scroll","background-type":"","background-media":"","overlay-type":"","overlay-color":"","overlay-gradient":""},"tablet":{"background-color":"","background-image":"","background-repeat":"repeat","background-position":"center center","background-size":"auto","background-attachment":"scroll","background-type":"","background-media":"","overlay-type":"","overlay-color":"","overlay-gradient":""},"mobile":{"background-color":"","background-image":"","background-repeat":"repeat","background-position":"center center","background-size":"auto","background-attachment":"scroll","background-type":"","background-media":"","overlay-type":"","overlay-color":"","overlay-gradient":""}},"ast-content-background-meta":{"desktop":{"background-color":"var(--ast-global-color-5)","background-image":"","background-repeat":"repeat","background-position":"center center","background-size":"auto","background-attachment":"scroll","background-type":"","background-media":"","overlay-type":"","overlay-color":"","overlay-gradient":""},"tablet":{"background-color":"var(--ast-global-color-5)","background-image":"","background-repeat":"repeat","background-position":"center center","background-size":"auto","background-attachment":"scroll","background-type":"","background-media":"","overlay-type":"","overlay-color":"","overlay-gradient":""},"mobile":{"background-color":"var(--ast-global-color-5)","background-image":"","background-repeat":"repeat","background-position":"center center","background-size":"auto","background-attachment":"scroll","background-type":"","background-media":"","overlay-type":"","overlay-color":"","overlay-gradient":""}},"iawp_total_views":252,"footnotes":""},"class_list":["post-2561","page","type-page","status-publish","hentry"],"uagb_featured_image_src":{"full":false,"thumbnail":false,"medium":false,"medium_large":false,"large":false,"1536x1536":false,"2048x2048":false,"trp-custom-language-flag":false},"uagb_author_info":{"display_name":"admin","author_link":"https:\/\/classic-barweiler.de\/en\/author\/admin\/"},"uagb_comment_info":0,"uagb_excerpt":"Impressum Impressum Classic TankstelleAn d. Bundesstra\u00dfe 258 53534 Barweiler Tel: 02691 \/ 2766 E-Mail: info@classic-barweiler.de vertreten durch Thomas Rausch USt-IdNr: DE184345456 Alternative Streitbeilegung: Die Europ\u00e4ische Kommission stellt eine Plattform f\u00fcr die au\u00dfergerichtliche Online-Streitbeilegung (OS-Plattform) bereit, aufrufbar unter https:\/\/ec.europa.eu\/odr.ss","_links":{"self":[{"href":"https:\/\/classic-barweiler.de\/en\/wp-json\/wp\/v2\/pages\/2561","targetHints":{"allow":["GET"]}}],"collection":[{"href":"https:\/\/classic-barweiler.de\/en\/wp-json\/wp\/v2\/pages"}],"about":[{"href":"https:\/\/classic-barweiler.de\/en\/wp-json\/wp\/v2\/types\/page"}],"author":[{"embeddable":true,"href":"https:\/\/classic-barweiler.de\/en\/wp-json\/wp\/v2\/users\/1"}],"replies":[{"embeddable":true,"href":"https:\/\/classic-barweiler.de\/en\/wp-json\/wp\/v2\/comments?post=2561"}],"version-history":[{"count":12,"href":"https:\/\/classic-barweiler.de\/en\/wp-json\/wp\/v2\/pages\/2561\/revisions"}],"predecessor-version":[{"id":5099,"href":"https:\/\/classic-barweiler.de\/en\/wp-json\/wp\/v2\/pages\/2561\/revisions\/5099"}],"wp:attachment":[{"href":"https:\/\/classic-barweiler.de\/en\/wp-json\/wp\/v2\/media?parent=2561"}],"curies":[{"name":"wp","href":"https:\/\/api.w.org\/{rel}","templated":true}]}}