{"id":1893,"date":"2023-03-31T08:34:37","date_gmt":"2023-03-31T08:34:37","guid":{"rendered":"https:\/\/classic-barweiler.sensussoft.com\/?page_id=1893"},"modified":"2024-12-13T10:09:38","modified_gmt":"2024-12-13T10:09:38","slug":"kfz","status":"publish","type":"page","link":"https:\/\/classic-barweiler.de\/en\/kfz\/","title":{"rendered":"KFZ"},"content":{"rendered":"<div data-elementor-type=\"wp-page\" data-elementor-id=\"1893\" class=\"elementor elementor-1893\">\n\t\t\t\t\t\t<section class=\"elementor-section elementor-top-section elementor-element elementor-element-05c89fb elementor-section-boxed elementor-section-height-default elementor-section-height-default\" data-id=\"05c89fb\" data-element_type=\"section\" data-settings=\"{&quot;background_background&quot;:&quot;classic&quot;}\">\n\t\t\t\t\t\t<div class=\"elementor-container elementor-column-gap-default\">\n\t\t\t\t\t<div class=\"elementor-column elementor-col-100 elementor-top-column elementor-element elementor-element-db04e12\" data-id=\"db04e12\" data-element_type=\"column\">\n\t\t\t<div class=\"elementor-widget-wrap elementor-element-populated\">\n\t\t\t\t\t\t<div class=\"elementor-element elementor-element-770f195 elementor-widget elementor-widget-heading\" data-id=\"770f195\" data-element_type=\"widget\" data-widget_type=\"heading.default\">\n\t\t\t\t<div class=\"elementor-widget-container\">\n\t\t\t<h2 class=\"elementor-heading-title elementor-size-default\">Die Werkstatt des Vertrauens<\/h2>\t\t<\/div>\n\t\t\t\t<\/div>\n\t\t\t\t\t<\/div>\n\t\t<\/div>\n\t\t\t\t\t<\/div>\n\t\t<\/section>\n\t\t\t\t<section class=\"elementor-section elementor-top-section elementor-element elementor-element-ec85ab6 elementor-section-boxed elementor-section-height-default elementor-section-height-default\" data-id=\"ec85ab6\" data-element_type=\"section\">\n\t\t\t\t\t\t<div class=\"elementor-container elementor-column-gap-default\">\n\t\t\t\t\t<div class=\"elementor-column elementor-col-33 elementor-top-column elementor-element elementor-element-c1c00c2\" data-id=\"c1c00c2\" data-element_type=\"column\">\n\t\t\t<div class=\"elementor-widget-wrap elementor-element-populated\">\n\t\t\t\t\t\t<div class=\"elementor-element elementor-element-19f4599 elementor-widget elementor-widget-image\" data-id=\"19f4599\" data-element_type=\"widget\" data-widget_type=\"image.default\">\n\t\t\t\t<div class=\"elementor-widget-container\">\n\t\t\t\t\t\t\t\t\t\t\t\t\t<img fetchpriority=\"high\" decoding=\"async\" width=\"1024\" height=\"683\" src=\"https:\/\/classic-barweiler.de\/wp-content\/uploads\/2023\/07\/1F2A1528-min-1024x683.jpg\" class=\"attachment-large size-large wp-image-2814\" alt=\"\" srcset=\"https:\/\/classic-barweiler.de\/wp-content\/uploads\/2023\/07\/1F2A1528-min-1024x683.jpg 1024w, https:\/\/classic-barweiler.de\/wp-content\/uploads\/2023\/07\/1F2A1528-min-300x200.jpg 300w, https:\/\/classic-barweiler.de\/wp-content\/uploads\/2023\/07\/1F2A1528-min-768x512.jpg 768w, https:\/\/classic-barweiler.de\/wp-content\/uploads\/2023\/07\/1F2A1528-min-1536x1024.jpg 1536w, https:\/\/classic-barweiler.de\/wp-content\/uploads\/2023\/07\/1F2A1528-min-2048x1365.jpg 2048w, https:\/\/classic-barweiler.de\/wp-content\/uploads\/2023\/07\/1F2A1528-min-18x12.jpg 18w\" sizes=\"(max-width: 1024px) 100vw, 1024px\" \/>\t\t\t\t\t\t\t\t\t\t\t\t\t<\/div>\n\t\t\t\t<\/div>\n\t\t\t\t<div class=\"elementor-element elementor-element-cb299d7 elementor-widget elementor-widget-image\" data-id=\"cb299d7\" data-element_type=\"widget\" data-widget_type=\"image.default\">\n\t\t\t\t<div class=\"elementor-widget-container\">\n\t\t\t\t\t\t\t\t\t\t\t\t\t<img decoding=\"async\" width=\"300\" height=\"91\" src=\"https:\/\/classic-barweiler.de\/wp-content\/uploads\/2023\/04\/Logo_Rausch-300x91-1.png\" class=\"attachment-large size-large wp-image-2045\" alt=\"\" srcset=\"https:\/\/classic-barweiler.de\/wp-content\/uploads\/2023\/04\/Logo_Rausch-300x91-1.png 300w, https:\/\/classic-barweiler.de\/wp-content\/uploads\/2023\/04\/Logo_Rausch-300x91-1-18x5.png 18w\" sizes=\"(max-width: 300px) 100vw, 300px\" \/>\t\t\t\t\t\t\t\t\t\t\t\t\t<\/div>\n\t\t\t\t<\/div>\n\t\t\t\t\t<\/div>\n\t\t<\/div>\n\t\t\t\t<div class=\"elementor-column elementor-col-66 elementor-top-column elementor-element elementor-element-e20734d\" data-id=\"e20734d\" data-element_type=\"column\">\n\t\t\t<div class=\"elementor-widget-wrap elementor-element-populated\">\n\t\t\t\t\t\t<div class=\"elementor-element elementor-element-26a6b55 elementor-widget elementor-widget-text-editor\" data-id=\"26a6b55\" data-element_type=\"widget\" data-widget_type=\"text-editor.default\">\n\t\t\t\t<div class=\"elementor-widget-container\">\n\t\t\t\t\t\t\t<p>Unsere Werkstatt ist ein KFZ Meisterbetrieb mit langj\u00e4hriger Erfahrung im gesamten Spektrum der KFZ-Branche.<\/p><p>Unsere Leistungen im \u00dcberblick:<\/p><ul><li>Inspektionen mit \u00d6lwechsel<\/li><li>HU \/AU (jeden Mittwoch und Freitag um 15 Uhr &#8211; telefonische R\u00fccksprache)<\/li><li>Reifenservice (Bestellung, Montage, Reparatur)<\/li><li>Motordiagnose<\/li><li>u.v.m.<\/li><\/ul>\t\t\t\t\t\t<\/div>\n\t\t\t\t<\/div>\n\t\t\t\t<div class=\"elementor-element elementor-element-177e2a6 elementor-widget elementor-widget-button\" data-id=\"177e2a6\" data-element_type=\"widget\" data-widget_type=\"button.default\">\n\t\t\t\t<div class=\"elementor-widget-container\">\n\t\t\t\t\t<div class=\"elementor-button-wrapper\">\n\t\t\t<a class=\"elementor-button elementor-button-link elementor-size-sm elementor-animation-float\" href=\"\/en\/kontakt\/\">\n\t\t\t\t\t\t<span class=\"elementor-button-content-wrapper\">\n\t\t\t\t\t\t\t\t\t<span class=\"elementor-button-text\">kontaktiere uns<\/span>\n\t\t\t\t\t<\/span>\n\t\t\t\t\t<\/a>\n\t\t<\/div>\n\t\t\t\t<\/div>\n\t\t\t\t<\/div>\n\t\t\t\t\t<\/div>\n\t\t<\/div>\n\t\t\t\t\t<\/div>\n\t\t<\/section>\n\t\t\t\t<section class=\"elementor-section elementor-top-section elementor-element elementor-element-8ccd0fb elementor-section-boxed elementor-section-height-default elementor-section-height-default\" data-id=\"8ccd0fb\" data-element_type=\"section\">\n\t\t\t\t\t\t<div class=\"elementor-container elementor-column-gap-default\">\n\t\t\t\t\t<div class=\"elementor-column elementor-col-100 elementor-top-column elementor-element elementor-element-a867866\" data-id=\"a867866\" data-element_type=\"column\">\n\t\t\t<div class=\"elementor-widget-wrap elementor-element-populated\">\n\t\t\t\t\t\t<div class=\"elementor-element elementor-element-d69aabc gallery-spacing-custom elementor-widget elementor-widget-image-gallery\" data-id=\"d69aabc\" data-element_type=\"widget\" data-widget_type=\"image-gallery.default\">\n\t\t\t\t<div class=\"elementor-widget-container\">\n\t\t\t\t\t<div class=\"elementor-image-gallery\">\n\t\t\t<div id='gallery-1' class='gallery galleryid-1893 gallery-columns-3 gallery-size-full'><figure class='gallery-item'>\n\t\t\t<div class='gallery-icon landscape'>\n\t\t\t\t<a data-elementor-open-lightbox=\"yes\" data-elementor-lightbox-slideshow=\"d69aabc\" data-elementor-lightbox-title=\"1F2A6442-min-1024x683\" data-e-action-hash=\"#elementor-action%3Aaction%3Dlightbox%26settings%3DeyJpZCI6MTY1NSwidXJsIjoiaHR0cHM6XC9cL2NsYXNzaWMtYmFyd2VpbGVyLmRlXC93cC1jb250ZW50XC91cGxvYWRzXC8yMDIzXC8wM1wvMUYyQTY0NDItbWluLTEwMjR4NjgzLTEuanBnIiwic2xpZGVzaG93IjoiZDY5YWFiYyJ9\" href='https:\/\/classic-barweiler.de\/wp-content\/uploads\/2023\/03\/1F2A6442-min-1024x683-1.jpg'><img decoding=\"async\" width=\"1024\" height=\"683\" src=\"https:\/\/classic-barweiler.de\/wp-content\/uploads\/2023\/03\/1F2A6442-min-1024x683-1.jpg\" class=\"attachment-full size-full\" alt=\"\" \/><\/a>\n\t\t\t<\/div><\/figure><figure class='gallery-item'>\n\t\t\t<div class='gallery-icon landscape'>\n\t\t\t\t<a data-elementor-open-lightbox=\"yes\" data-elementor-lightbox-slideshow=\"d69aabc\" data-elementor-lightbox-title=\"1F2A3375-1-scaled\" data-e-action-hash=\"#elementor-action%3Aaction%3Dlightbox%26settings%3DeyJpZCI6MTczNywidXJsIjoiaHR0cHM6XC9cL2NsYXNzaWMtYmFyd2VpbGVyLmRlXC93cC1jb250ZW50XC91cGxvYWRzXC8yMDIzXC8wM1wvMUYyQTMzNzUtMS1zY2FsZWQtMS5qcGciLCJzbGlkZXNob3ciOiJkNjlhYWJjIn0%3D\" href='https:\/\/classic-barweiler.de\/wp-content\/uploads\/2023\/03\/1F2A3375-1-scaled-1.jpg'><img loading=\"lazy\" decoding=\"async\" width=\"2560\" height=\"1707\" src=\"https:\/\/classic-barweiler.de\/wp-content\/uploads\/2023\/03\/1F2A3375-1-scaled-1.jpg\" class=\"attachment-full size-full\" alt=\"\" \/><\/a>\n\t\t\t<\/div><\/figure><figure class='gallery-item'>\n\t\t\t<div class='gallery-icon landscape'>\n\t\t\t\t<a data-elementor-open-lightbox=\"yes\" data-elementor-lightbox-slideshow=\"d69aabc\" data-elementor-lightbox-title=\"1F2A6596-min-2048x1365\" data-e-action-hash=\"#elementor-action%3Aaction%3Dlightbox%26settings%3DeyJpZCI6MTc0NiwidXJsIjoiaHR0cHM6XC9cL2NsYXNzaWMtYmFyd2VpbGVyLmRlXC93cC1jb250ZW50XC91cGxvYWRzXC8yMDIzXC8wM1wvMUYyQTY1OTYtbWluLTIwNDh4MTM2NS0xLmpwZyIsInNsaWRlc2hvdyI6ImQ2OWFhYmMifQ%3D%3D\" href='https:\/\/classic-barweiler.de\/wp-content\/uploads\/2023\/03\/1F2A6596-min-2048x1365-1.jpg'><img loading=\"lazy\" decoding=\"async\" width=\"2048\" height=\"1365\" src=\"https:\/\/classic-barweiler.de\/wp-content\/uploads\/2023\/03\/1F2A6596-min-2048x1365-1.jpg\" class=\"attachment-full size-full\" alt=\"\" \/><\/a>\n\t\t\t<\/div><\/figure>\n\t\t<\/div>\n\t\t<\/div>\n\t\t\t\t<\/div>\n\t\t\t\t<\/div>\n\t\t\t\t\t<\/div>\n\t\t<\/div>\n\t\t\t\t\t<\/div>\n\t\t<\/section>\n\t\t\t\t<\/div>","protected":false},"excerpt":{"rendered":"<p>Die Werkstatt des Vertrauens Unsere Werkstatt ist ein KFZ Meisterbetrieb mit langj\u00e4hriger Erfahrung im gesamten Spektrum der KFZ-Branche. Unsere Leistungen im \u00dcberblick: Inspektionen mit \u00d6lwechsel HU \/AU (jeden Mittwoch und Freitag um 15 Uhr &#8211; telefonische R\u00fccksprache) Reifenservice (Bestellung, Montage, Reparatur) Motordiagnose u.v.m. kontaktiere uns<\/p>","protected":false},"author":1,"featured_media":0,"parent":0,"menu_order":0,"comment_status":"closed","ping_status":"closed","template":"","meta":{"_uag_custom_page_level_css":"","site-sidebar-layout":"no-sidebar","site-content-layout":"page-builder","ast-site-content-layout":"","site-content-style":"default","site-sidebar-style":"default","ast-global-header-display":"","ast-banner-title-visibility":"","ast-main-header-display":"","ast-hfb-above-header-display":"","ast-hfb-below-header-display":"","ast-hfb-mobile-header-display":"","site-post-title":"disabled","ast-breadcrumbs-content":"","ast-featured-img":"disabled","footer-sml-layout":"","theme-transparent-header-meta":"","adv-header-id-meta":"","stick-header-meta":"","header-above-stick-meta":"","header-main-stick-meta":"","header-below-stick-meta":"","astra-migrate-meta-layouts":"default","ast-page-background-enabled":"default","ast-page-background-meta":{"desktop":{"background-color":"","background-image":"","background-repeat":"repeat","background-position":"center center","background-size":"auto","background-attachment":"scroll","background-type":"","background-media":"","overlay-type":"","overlay-color":"","overlay-gradient":""},"tablet":{"background-color":"","background-image":"","background-repeat":"repeat","background-position":"center center","background-size":"auto","background-attachment":"scroll","background-type":"","background-media":"","overlay-type":"","overlay-color":"","overlay-gradient":""},"mobile":{"background-color":"","background-image":"","background-repeat":"repeat","background-position":"center center","background-size":"auto","background-attachment":"scroll","background-type":"","background-media":"","overlay-type":"","overlay-color":"","overlay-gradient":""}},"ast-content-background-meta":{"desktop":{"background-color":"var(--ast-global-color-5)","background-image":"","background-repeat":"repeat","background-position":"center center","background-size":"auto","background-attachment":"scroll","background-type":"","background-media":"","overlay-type":"","overlay-color":"","overlay-gradient":""},"tablet":{"background-color":"var(--ast-global-color-5)","background-image":"","background-repeat":"repeat","background-position":"center center","background-size":"auto","background-attachment":"scroll","background-type":"","background-media":"","overlay-type":"","overlay-color":"","overlay-gradient":""},"mobile":{"background-color":"var(--ast-global-color-5)","background-image":"","background-repeat":"repeat","background-position":"center center","background-size":"auto","background-attachment":"scroll","background-type":"","background-media":"","overlay-type":"","overlay-color":"","overlay-gradient":""}},"iawp_total_views":401,"footnotes":""},"class_list":["post-1893","page","type-page","status-publish","hentry"],"uagb_featured_image_src":{"full":false,"thumbnail":false,"medium":false,"medium_large":false,"large":false,"1536x1536":false,"2048x2048":false,"trp-custom-language-flag":false},"uagb_author_info":{"display_name":"admin","author_link":"https:\/\/classic-barweiler.de\/en\/author\/admin\/"},"uagb_comment_info":0,"uagb_excerpt":"Die Werkstatt des Vertrauens Unsere Werkstatt ist ein KFZ Meisterbetrieb mit langj\u00e4hriger Erfahrung im gesamten Spektrum der KFZ-Branche. Unsere Leistungen im \u00dcberblick: Inspektionen mit \u00d6lwechsel HU \/AU (jeden Mittwoch und Freitag um 15 Uhr &#8211; telefonische R\u00fccksprache) Reifenservice (Bestellung, Montage, Reparatur) Motordiagnose u.v.m. kontaktiere uns","_links":{"self":[{"href":"https:\/\/classic-barweiler.de\/en\/wp-json\/wp\/v2\/pages\/1893","targetHints":{"allow":["GET"]}}],"collection":[{"href":"https:\/\/classic-barweiler.de\/en\/wp-json\/wp\/v2\/pages"}],"about":[{"href":"https:\/\/classic-barweiler.de\/en\/wp-json\/wp\/v2\/types\/page"}],"author":[{"embeddable":true,"href":"https:\/\/classic-barweiler.de\/en\/wp-json\/wp\/v2\/users\/1"}],"replies":[{"embeddable":true,"href":"https:\/\/classic-barweiler.de\/en\/wp-json\/wp\/v2\/comments?post=1893"}],"version-history":[{"count":11,"href":"https:\/\/classic-barweiler.de\/en\/wp-json\/wp\/v2\/pages\/1893\/revisions"}],"predecessor-version":[{"id":5128,"href":"https:\/\/classic-barweiler.de\/en\/wp-json\/wp\/v2\/pages\/1893\/revisions\/5128"}],"wp:attachment":[{"href":"https:\/\/classic-barweiler.de\/en\/wp-json\/wp\/v2\/media?parent=1893"}],"curies":[{"name":"wp","href":"https:\/\/api.w.org\/{rel}","templated":true}]}}